{"id":7763,"date":"2022-12-29T07:51:02","date_gmt":"2022-12-29T07:51:02","guid":{"rendered":"https:\/\/trui.es\/?page_id=7763"},"modified":"2023-03-20T23:15:21","modified_gmt":"2023-03-20T23:15:21","slug":"politica-de-privacidad","status":"publish","type":"page","link":"https:\/\/trui.es\/ca\/politica-de-privacidad\/","title":{"rendered":"Pol\u00edtica de privadesa"},"content":{"rendered":"<p><strong>POL\u00cdTICA DE PRIVACITAT<\/strong><\/p>\n<p>De conformitat amb el que disposa el Reglament General de Protecci\u00f3 de Dades RGPD UE 679\/2016 i la Llei Org\u00e0nica 3\/2018 de 5 de Desembre, de Protecci\u00f3 de Dades Personals i Garantia dels Drets Digitals, se li facilita la seg\u00fcent informaci\u00f3 del tractament de les vostres dades de car\u00e0cter personal:<\/p>\n<p><strong>Qui \u00e9s responsable del tractament de les vostres dades personals?<\/strong><\/p>\n<p>Responsable del tractament: GRUP TRUI MALLORCA, SL, NIF\/CIF: B57634131, Adre\u00e7a: C\/ LICORERS N\u00ba13, CP: 07141, MARRATXI, Tel\u00e8fon 971605506, Email: trui@trui.es.<\/p>\n<p><strong>Quines dades tractem?<\/strong><\/p>\n<p>A GRUP TRUI MALLORCA, SL tractem les dades personals facilitades per vost\u00e8 a trav\u00e9s de l&#039;emplenament dels formularis habilitats a aquest efecte en aquesta p\u00e0gina web, les dades personals derivades de la prestaci\u00f3 o contractaci\u00f3 dels nostres serveis o productes i\/o les dades personals derivats de la relaci\u00f3 comercial que vost\u00e8 mant\u00e9 amb nosaltres. A m\u00e9s, tractem les dades personals generades en el context de la seva activitat a la nostra p\u00e0gina web, dins la categoria de les quals s&#039;inclouen les seves dades de navegaci\u00f3 obtingudes a trav\u00e9s de la p\u00e0gina web.<\/p>\n<p>\u00c9s important per a nosaltres mantenir el registre de les vostres dades personals actualitzat. Vost\u00e8 t\u00e9 l&#039;obligaci\u00f3 de mantenir-nos informats de qualsevol canvi o error a les seves dades personals tan aviat com sigui possible posant-se en contacte amb nosaltres al correu electr\u00f2nic: trui@trui.es.<\/p>\n<p><strong>Amb quina finalitat tractem les vostres dades de car\u00e0cter personal?<\/strong><\/p>\n<p><strong>Finalitat:<\/strong>\u00a0GRUP TRUI MALLORCA, SL podr\u00e0 tractar les seves dades personals per a les finalitats seg\u00fcents:<\/p>\n<p>-Gesti\u00f3 i manteniment dels serveis proporcionats a trav\u00e9s de la p\u00e0gina web.<\/p>\n<p>-Gesti\u00f3 i atenci\u00f3 de les consultes i sol\u00b7licituds dinformaci\u00f3 realitzades pels usuaris a trav\u00e9s del formulari de contacte. L&#039;adre\u00e7a de correu electr\u00f2nic i les dades de car\u00e0cter personal que vost\u00e8 ens proporciona a trav\u00e9s del formulari de contacte de la p\u00e0gina web seran utilitzades exclusivament per atendre les consultes que ens plantegeu per aquest mitj\u00e0.<\/p>\n<p>-Compliment de les obligacions legals aplicables.<\/p>\n<p>-Enviament de comunicacions comercials i butlletins informatius, aix\u00ed com publicitat dels nostres serveis i productes.<\/p>\n<p>-Gesti\u00f3 de la contractaci\u00f3 dels nostres serveis i\/o productes.<\/p>\n<p>-Gesti\u00f3 de les sol\u00b7licituds d&#039;informaci\u00f3 o sol\u00b7licituds de pressupost dels nostres serveis o productes.<\/p>\n<p>-Gesti\u00f3 de la participaci\u00f3 en activitats i concursos organitzats per lentitat.<\/p>\n<p>-Gesti\u00f3 del club de socis.<\/p>\n<p>-Gesti\u00f3 i tramitaci\u00f3 de les den\u00fancies presentades a trav\u00e9s del canal de den\u00fancies intern.<\/p>\n<p>-En cas d&#039;haver-ho consentit i per tal de poder oferir-vos serveis d&#039;acord amb els vostres interessos, les vostres dades personals poden ser utilitzades per elaborar un perfil comercial. No es prendran decisions automatitzades en base a aquest perfil.<\/p>\n<p>Conservem les vostres dades de car\u00e0cter personal en els nostres sistemes i arxius el temps necessari per dur a terme els fins del tractament, i per complir amb el que disposa la legislaci\u00f3 aplicable. Es conservaran les vostres dades personals mentre existeixi una relaci\u00f3 contractual i\/o comercial amb vost\u00e8, o mentre vost\u00e8 no exerceixi el seu dret de supressi\u00f3 i\/o limitaci\u00f3 del tractament de les seves dades. El per\u00edode de conservaci\u00f3 de les dades personals variar\u00e0 en funci\u00f3 de les finalitats del tractament i amb car\u00e0cter general:<\/p>\n<p>-Les dades personals que ens proporciona en els sup\u00f2sits de contractaci\u00f3 dels nostres serveis o productes seran conservats durant la relaci\u00f3 contractual i, una vegada finalitzada, durant el termini de prescripci\u00f3 de les accions legals que se&#039;n puguin derivar.<\/p>\n<p>-Les dades personals que ens proporciona per gestionar sol\u00b7licituds d&#039;informaci\u00f3 o consultes a trav\u00e9s del formulari de contacte es conservaran mentre no sol\u00b7liciteu la supressi\u00f3 o cancel\u00b7laci\u00f3.<\/p>\n<p>-Les dades personals que ens proporciona per subscriure&#039;s al nostre Newsletter o butlletins informatius es conservaran mentre no sol\u00b7liciteu la seva supressi\u00f3, oposici\u00f3 i\/o limitaci\u00f3.<\/p>\n<p>-Les dades personals que ens proporciona per participar en les nostres activitats i concursos es conservaran mentre no sol\u00b7liciteu la seva supressi\u00f3 o cancel\u00b7laci\u00f3.<\/p>\n<p>-Les dades personals que ens proporciona a trav\u00e9s del canal de den\u00fancies es conservaran durant un termini no superior a 3 mesos.<\/p>\n<p>-Les dades personals obtingudes de la vostra navegaci\u00f3 i h\u00e0bits de consum, aix\u00ed com el perfil comercial obtingut, es conservaran mentre no sol\u00b7liciteu la supressi\u00f3 o cancel\u00b7laci\u00f3.<\/p>\n<p>Les vostres dades de car\u00e0cter personal seran conservades mentre siguin \u00fatils per a les finalitats indicades, i, en qualsevol cas, durant els terminis legals i el temps necessari per atendre possibles responsabilitats nascudes del tractament.<\/p>\n<p><strong>Seguretat de les dades.<\/strong><\/p>\n<p>Disposem de mesures de seguretat t\u00e8cniques i organitzatives adequades per protegir les seves dades personals contra el tractament no autoritzat o il\u00b7l\u00edcit i contra la seva p\u00e8rdua, destrucci\u00f3 o dany accidental, assegurant-ne la integritat i confidencialitat. Les mesures de seguretat t\u00e8cniques i organitzatives implantades permeten: garantir la confidencialitat, integritat, disponibilitat i resili\u00e8ncia permanents dels sistemes i serveis de tractament; restaurar la disponibilitat i l&#039;acc\u00e9s a les dades de car\u00e0cter personal de manera r\u00e0pida en cas d&#039;incident f\u00edsic o t\u00e8cnic; i verificar, avaluar i valorar de manera regular l&#039;efic\u00e0cia de les mesures t\u00e8cniques i organitzatives implantades per garantir la seguretat del tractament.<\/p>\n<p>Aquestes mesures de seguretat t\u00e8cniques i organitzatives han estat dissenyades tenint en compte la nostra infraestructura de TI, l&#039;estat de la t\u00e8cnica d&#039;acord amb els est\u00e0ndards i les pr\u00e0ctiques actuals, el cost de l&#039;aplicaci\u00f3 i la naturalesa, \u00e0mbit, context i fins del tractament, aix\u00ed com els riscos de diversa probabilitat i gravetat que comporta el tractament per a les seves dades personals.<\/p>\n<p><strong>Quina \u00e9s la legitimaci\u00f3 per al tractament de les vostres dades?<\/strong><\/p>\n<p><strong>Legitimaci\u00f3:<\/strong>\u00a0La legitimaci\u00f3 per tractar les vostres dades de car\u00e0cter personal est\u00e0 basada en:<\/p>\n<p>-L&#039;execuci\u00f3 i el manteniment d&#039;una relaci\u00f3 contractual i comercial amb vost\u00e8, com ara la contractaci\u00f3 de productes i serveis de l&#039;entitat, gesti\u00f3 i sol\u00b7licitud de pressupostos dels productes i\/o serveis de l&#039;entitat, tot aix\u00f2 de conformitat amb el disposat a l&#039;article 6.1.B del RGPD (UE) 679\/2016 i la Llei Org\u00e0nica 3\/2018, de 5 de desembre (LOPDPGDD).<\/p>\n<p>-El seu consentiment expr\u00e9s per a una o diverses finalitats, com ara l&#039;enviament de comunicacions publicit\u00e0ries o butlletins informatius propis o de tercers, gesti\u00f3 d&#039;enviaments de curr\u00edculum vitae, participaci\u00f3 en activitats o concursos, tot aix\u00f2 de conformitat amb el que disposa l&#039;article 6.1. A del RGPD (UE) 679\/2016 i la Llei Org\u00e0nica 3\/2018, del 5 de desembre (LOPDPGDD).<\/p>\n<p>-El compliment de diferents obligacions legals, tot aix\u00f2 de conformitat amb el que disposa l&#039;article 6.1.C del RGPD (UE) 679\/2016 i la Llei Org\u00e0nica 3\/2018, de 5 de desembre (LOPDPGDD).<\/p>\n<p>\u2013 La satisfacci\u00f3 d&#039;interessos leg\u00edtims perseguits pel responsable del tractament o per un tercer, per exemple, per motius de seguretat, per millorar els nostres serveis i per gestionar les seves sol\u00b7licituds o consultes.<\/p>\n<p>Durant el proc\u00e9s de recollida de dades, ia cada lloc de la web on se sol\u00b7licitin dades de car\u00e0cter personal, l&#039;usuari ser\u00e0 informat, ja sigui mitjan\u00e7ant un hipervincle, ja sigui mitjan\u00e7ant la inclusi\u00f3 de les mencions oportunes al propi formulari, del car\u00e0cter obligatori o no de la recollida de les vostres dades de car\u00e0cter personal.<\/p>\n<p>Les dades personals sol\u00b7licitades als formularis de la p\u00e0gina web s\u00f3n, amb car\u00e0cter general, obligat\u00f2ries (llevat que en el camp requerit s&#039;especifiqui el contrari) per complir amb les finalitats establertes. Per tant, si no es faciliten les dades personals sol\u00b7licitades, o no es faciliten correctament, no es podran atendre aquestes dades.<\/p>\n<p>Hi ha l&#039;obligaci\u00f3 de facilitar les vostres dades de car\u00e0cter personal en els sup\u00f2sits de contractaci\u00f3 d&#039;un servei o producte, i\/o en els sup\u00f2sits de sol\u00b7licitud de pressupostos o ofertes.<\/p>\n<p>L&#039;enviament de comunicacions publicit\u00e0ries, newsletter o butlletins informatius dels nostres productes i serveis est\u00e0 basat en el consentiment que se us demana, sense que en cap cas la retirada d&#039;aquest consentiment condicioni la relaci\u00f3 contractual o comercial que vost\u00e8 mant\u00e9 amb nosaltres.<\/p>\n<p>Si ens heu autoritzat a enviar publicitat dels nostres serveis i productes, les vostres dades de car\u00e0cter personal poden ser utilitzades per gestionar l&#039;enviament d&#039;ofertes publicit\u00e0ries i butlletins informatius a trav\u00e9s de mitjans electr\u00f2nics. En aquests casos \u00e9s aplicable el que disposen els art. 20 i 21 de la llei 34\/2002, de 11 de juliol, de serveis de la societat de la informaci\u00f3 i de comer\u00e7 electr\u00f2nic, respecte a l&#039;\u00fas i tractament de les seves dades de car\u00e0cter personal per tal de gestionar l&#039;enviament de publicitat per mitjans electr\u00f2nics.<\/p>\n<p>En cas que hagi marcat l&#039;opci\u00f3 de rebre publicitat, o si s&#039;ha subscrit al nostre newsletter o butllet\u00ed informatiu, podeu cancel\u00b7lar aquesta opci\u00f3 en qualsevol moment.<\/p>\n<p><strong>A quins destinataris es comunicaran les vostres dades?<\/strong><\/p>\n<p><strong>Destinataris:<\/strong>\u00a0Amb car\u00e0cter general, les vostres dades de car\u00e0cter personal no es comunicaran a cap tercer ali\u00e8 a l&#039;entitat, excepte obligaci\u00f3 legal. No obstant aix\u00f2, us informem que tercers prove\u00efdors poden tenir acc\u00e9s a les vostres dades personals en qualitat d&#039;encarregats del tractament, en el marc de la prestaci\u00f3 d&#039;un servei per a l&#039;entitat responsable del tractament. Us informem que podeu sol\u00b7licitar la relaci\u00f3 completa dels destinataris que podran rebre les vostres dades personals com a encarregats de tractament o com a tercers receptors per transfer\u00e8ncia al correu electr\u00f2nic:\u00a0<a href=\"mailto:trui@trui.es\">trui@trui.es<\/a>. A m\u00e9s de l&#039;anterior, l&#039;entitat podr\u00e0 fer cessions o comunicacions de dades personals per atendre les seves obligacions davant les<\/p>\n<p>Administracions p\u00fabliques en els casos que aix\u00ed es requereixi, dacord amb la legislaci\u00f3 vigent.<\/p>\n<p><strong>-Transfer\u00e8ncies internacionals de dades:<\/strong><\/p>\n<p>Per dur a terme les activitats de tractament de dades detallades anteriorment, podem transferir les dades a pa\u00efsos de fora de l&#039;Espai Econ\u00f2mic Europeu (EEE), i emmagatzemar aquestes dades a bases de dades f\u00edsiques o digitals gestionades per entitats que actu\u00efn en nom nostre. La gesti\u00f3 de bases de dades i el tractament de les dades es limiten als fins del tractament, i es duen a terme segons les lleis i les normatives vigents en mat\u00e8ria de protecci\u00f3 de dades. En cas que les dades s&#039;envi\u00efn fora de l&#039;EEE, l&#039;empresa utilitzar\u00e0 mesures contractuals adequades per garantir la protecci\u00f3 de les dades, que poden incloure, entre d&#039;altres, contractes basats en les cl\u00e0usules est\u00e0ndard de protecci\u00f3 de dades adoptades per la Comissi\u00f3 Europea aplicables al enviament de dades personals fora de l&#039;EEE.<\/p>\n<p><strong>Drets:<\/strong>\u00a0Vost\u00e8 t\u00e9 dret a obtenir l&#039;acc\u00e9s a les seves dades personals, aix\u00ed com a sol\u00b7licitar la rectificaci\u00f3 de les dades inexactes o, si escau, sol\u00b7licitar la seva supressi\u00f3 quan, entre altres motius, les dades que ja no siguin necess\u00e0ries per a les finalitats recollides . En determinades circumst\u00e0ncies, podeu sol\u00b7licitar la limitaci\u00f3 del tractament de les vostres dades, i en este cas \u00fanicament les conservarem per a l&#039;exercici o defensa de reclamacions. Aix\u00ed mateix, i per motius relacionats amb la seva situaci\u00f3 particular, vost\u00e8 pot oposar-se al tractament de les seves dades, i en aquest cas la seva informaci\u00f3 personal deixar\u00e0 de tractar-se per a aquelles finalitats respecte de les que hagi manifestat la seva oposici\u00f3. Quan sigui t\u00e8cnicament possible, podeu sol\u00b7licitar la portabilitat de les vostres dades a un altre responsable del tractament. Per exercitar aquests drets, de conformitat amb la legislaci\u00f3 vigent, podeu adre\u00e7ar-vos per correu postal, adjuntant c\u00f2pia d&#039;un document acreditatiu de la vostra identitat (DNI), a GRUP TRUI MALLORCA, SL al c\/ LICORERS N\u00ba13, CP: 07141, MARRATXI o a l&#039;email trui@trui.es. Teniu dret a presentar una Reclamaci\u00f3 davant l&#039;Autoritat de Control: Ag\u00e8ncia Espanyola de Protecci\u00f3 Dades (www.agpd.es). Proced\u00e8ncia de les Dades de Car\u00e0cter Personal: el mateix interessat.<\/p>\n<p>Vost\u00e8 accepta expressament la inclusi\u00f3 de les dades de car\u00e0cter personal demanades durant la navegaci\u00f3 a la p\u00e0gina web i\/o proporcionades mitjan\u00e7ant l&#039;emplenament de qualsevol formulari, aix\u00ed com els derivats d&#039;una possible relaci\u00f3 comercial, als fitxers automatitzats de dades de car\u00e0cter personal de l&#039;entitat.<\/p>\n<p>Lentitat garanteix la confidencialitat de les dades de car\u00e0cter personal dels usuaris. No obstant aix\u00f2, l&#039;entitat revelar\u00e0 a les autoritats p\u00fabliques competents les dades personals i qualsevol altra informaci\u00f3 que estigui en poder seu o sigui accessible a trav\u00e9s dels seus sistemes i sigui requerida, de conformitat amb les disposicions legals i reglament\u00e0ries aplicables al cas. Les dades de car\u00e0cter personal poden ser conservades als fitxers titularitat de GRUP TRUI MALLORCA, SL fins i tot una vegada finalitzades les relacions comercials formalitzades a trav\u00e9s de la p\u00e0gina web de l&#039;entitat, exclusivament per als fins indicats anteriorment i, en tot cas, durant els terminis legalment establerts, a disposici\u00f3 dautoritats administratives o judicials.<\/p>\n<p><strong>\u00das de xarxes socials.<\/strong><\/p>\n<p>Quan vost\u00e8 interactua amb la nostra p\u00e0gina web a trav\u00e9s de diverses xarxes socials, com quan es connecta o ens segueix o comparteix el nostre contingut a xarxes socials (Facebook, Twitter, LinkedIn, Instagram o altres), podem rebre informaci\u00f3 procedent d&#039;aquestes xarxes socials, inclosa informaci\u00f3 sobre el vostre perfil, ID d&#039;usuari associat al vostre compte a les xarxes socials, i qualsevol altra informaci\u00f3 p\u00fablica que us permeti compartir amb tercers a la xarxa social.<\/p>\n<p>L&#039;entitat utilitza les xarxes socials amb la finalitat d&#039;informar sobre els serveis que ofereix, aix\u00ed com de qualsevol altra activitat o esdeveniment que es realitzi i es vulgui donar publicitat, per\u00f2 en cap moment no obtindr\u00e0 de les mateixes dades personals dels usuaris que interactu\u00efn en elles, llevat que hi hagi autoritzaci\u00f3 expressa.<\/p>\n<p>Aquestes dades nom\u00e9s s\u00f3n utilitzades dins de la pr\u00f2pia xarxa social i no s\u00f3n incorporades a cap sistema de tractament.<\/p>\n<p>Les xarxes socials tenen les seves pr\u00f2pies condicions d&#039;\u00fas i pol\u00edtiques de privadesa que vost\u00e8 est\u00e0 obligat a tenir en compte ia observar-ne el compliment si en fa \u00fas.<\/p>","protected":false},"excerpt":{"rendered":"<p>POL\u00cdTICA DE PRIVACIDAD De conformidad con lo dispuesto en el Reglamento General de Protecci\u00f3n de Datos RGPD UE 679\/2016 y la Ley Org\u00e1nica 3\/2018 de 5 de Diciembre, de Protecci\u00f3n&#8230;<\/p>","protected":false},"author":5,"featured_media":0,"parent":0,"menu_order":0,"comment_status":"closed","ping_status":"closed","template":"","meta":[],"yoast_head":"<!-- This site is optimized with the Yoast SEO plugin v20.8 - https:\/\/yoast.com\/wordpress\/plugins\/seo\/ -->\n<title>Pol\u00edtica de privacidad - Trui<\/title>\n<meta name=\"robots\" content=\"index, follow, max-snippet:-1, max-image-preview:large, max-video-preview:-1\" \/>\n<link rel=\"canonical\" href=\"https:\/\/trui.es\/ca\/politica-de-privacidad\/\" \/>\n<meta property=\"og:locale\" content=\"ca_ES\" \/>\n<meta property=\"og:type\" content=\"article\" \/>\n<meta property=\"og:title\" content=\"Pol\u00edtica de privacidad - Trui\" \/>\n<meta property=\"og:description\" content=\"POL\u00cdTICA DE PRIVACIDAD De conformidad con lo dispuesto en el Reglamento General de Protecci\u00f3n de Datos RGPD UE 679\/2016 y la Ley Org\u00e1nica 3\/2018 de 5 de Diciembre, de Protecci\u00f3n...\" \/>\n<meta property=\"og:url\" content=\"https:\/\/trui.es\/ca\/politica-de-privacidad\/\" \/>\n<meta property=\"og:site_name\" content=\"Trui\" \/>\n<meta property=\"article:modified_time\" content=\"2023-03-20T23:15:21+00:00\" \/>\n<meta name=\"twitter:card\" content=\"summary_large_image\" \/>\n<meta name=\"twitter:label1\" content=\"Temps estimat de lectura\" \/>\n\t<meta name=\"twitter:data1\" content=\"12 minuts\" \/>\n<script type=\"application\/ld+json\" class=\"yoast-schema-graph\">{\"@context\":\"https:\/\/schema.org\",\"@graph\":[{\"@type\":\"WebPage\",\"@id\":\"https:\/\/trui.es\/politica-de-privacidad\/\",\"url\":\"https:\/\/trui.es\/politica-de-privacidad\/\",\"name\":\"Pol\u00edtica de privacidad - Trui\",\"isPartOf\":{\"@id\":\"https:\/\/trui.es\/#website\"},\"datePublished\":\"2022-12-29T07:51:02+00:00\",\"dateModified\":\"2023-03-20T23:15:21+00:00\",\"breadcrumb\":{\"@id\":\"https:\/\/trui.es\/politica-de-privacidad\/#breadcrumb\"},\"inLanguage\":\"ca\",\"potentialAction\":[{\"@type\":\"ReadAction\",\"target\":[\"https:\/\/trui.es\/politica-de-privacidad\/\"]}]},{\"@type\":\"BreadcrumbList\",\"@id\":\"https:\/\/trui.es\/politica-de-privacidad\/#breadcrumb\",\"itemListElement\":[{\"@type\":\"ListItem\",\"position\":1,\"name\":\"Portada\",\"item\":\"https:\/\/trui.es\/\"},{\"@type\":\"ListItem\",\"position\":2,\"name\":\"Pol\u00edtica de privacidad\"}]},{\"@type\":\"WebSite\",\"@id\":\"https:\/\/trui.es\/#website\",\"url\":\"https:\/\/trui.es\/\",\"name\":\"Trui\",\"description\":\"El coraz\u00f3n del espect\u00e1culo\",\"publisher\":{\"@id\":\"https:\/\/trui.es\/#organization\"},\"potentialAction\":[{\"@type\":\"SearchAction\",\"target\":{\"@type\":\"EntryPoint\",\"urlTemplate\":\"https:\/\/trui.es\/?s={search_term_string}\"},\"query-input\":\"required name=search_term_string\"}],\"inLanguage\":\"ca\"},{\"@type\":\"Organization\",\"@id\":\"https:\/\/trui.es\/#organization\",\"name\":\"Grup Trui\",\"url\":\"https:\/\/trui.es\/\",\"logo\":{\"@type\":\"ImageObject\",\"inLanguage\":\"ca\",\"@id\":\"https:\/\/trui.es\/#\/schema\/logo\/image\/\",\"url\":\"https:\/\/trui.es\/wp-content\/uploads\/2023\/02\/Logo-Trui-Brands-for-People-1.png\",\"contentUrl\":\"https:\/\/trui.es\/wp-content\/uploads\/2023\/02\/Logo-Trui-Brands-for-People-1.png\",\"width\":578,\"height\":311,\"caption\":\"Grup Trui\"},\"image\":{\"@id\":\"https:\/\/trui.es\/#\/schema\/logo\/image\/\"}}]}<\/script>\n<!-- \/ Yoast SEO plugin. -->","yoast_head_json":{"title":"Pol\u00edtica de privacidad - Trui","robots":{"index":"index","follow":"follow","max-snippet":"max-snippet:-1","max-image-preview":"max-image-preview:large","max-video-preview":"max-video-preview:-1"},"canonical":"https:\/\/trui.es\/ca\/politica-de-privacidad\/","og_locale":"ca_ES","og_type":"article","og_title":"Pol\u00edtica de privacidad - Trui","og_description":"POL\u00cdTICA DE PRIVACIDAD De conformidad con lo dispuesto en el Reglamento General de Protecci\u00f3n de Datos RGPD UE 679\/2016 y la Ley Org\u00e1nica 3\/2018 de 5 de Diciembre, de Protecci\u00f3n...","og_url":"https:\/\/trui.es\/ca\/politica-de-privacidad\/","og_site_name":"Trui","article_modified_time":"2023-03-20T23:15:21+00:00","twitter_card":"summary_large_image","twitter_misc":{"Temps estimat de lectura":"12 minuts"},"schema":{"@context":"https:\/\/schema.org","@graph":[{"@type":"WebPage","@id":"https:\/\/trui.es\/politica-de-privacidad\/","url":"https:\/\/trui.es\/politica-de-privacidad\/","name":"Pol\u00edtica de privacidad - Trui","isPartOf":{"@id":"https:\/\/trui.es\/#website"},"datePublished":"2022-12-29T07:51:02+00:00","dateModified":"2023-03-20T23:15:21+00:00","breadcrumb":{"@id":"https:\/\/trui.es\/politica-de-privacidad\/#breadcrumb"},"inLanguage":"ca","potentialAction":[{"@type":"ReadAction","target":["https:\/\/trui.es\/politica-de-privacidad\/"]}]},{"@type":"BreadcrumbList","@id":"https:\/\/trui.es\/politica-de-privacidad\/#breadcrumb","itemListElement":[{"@type":"ListItem","position":1,"name":"Portada","item":"https:\/\/trui.es\/"},{"@type":"ListItem","position":2,"name":"Pol\u00edtica de privacidad"}]},{"@type":"WebSite","@id":"https:\/\/trui.es\/#website","url":"https:\/\/trui.es\/","name":"Trui","description":"El coraz\u00f3n del espect\u00e1culo","publisher":{"@id":"https:\/\/trui.es\/#organization"},"potentialAction":[{"@type":"SearchAction","target":{"@type":"EntryPoint","urlTemplate":"https:\/\/trui.es\/?s={search_term_string}"},"query-input":"required name=search_term_string"}],"inLanguage":"ca"},{"@type":"Organization","@id":"https:\/\/trui.es\/#organization","name":"Grup Trui","url":"https:\/\/trui.es\/","logo":{"@type":"ImageObject","inLanguage":"ca","@id":"https:\/\/trui.es\/#\/schema\/logo\/image\/","url":"https:\/\/trui.es\/wp-content\/uploads\/2023\/02\/Logo-Trui-Brands-for-People-1.png","contentUrl":"https:\/\/trui.es\/wp-content\/uploads\/2023\/02\/Logo-Trui-Brands-for-People-1.png","width":578,"height":311,"caption":"Grup Trui"},"image":{"@id":"https:\/\/trui.es\/#\/schema\/logo\/image\/"}}]}},"_links":{"self":[{"href":"https:\/\/trui.es\/ca\/wp-json\/wp\/v2\/pages\/7763"}],"collection":[{"href":"https:\/\/trui.es\/ca\/wp-json\/wp\/v2\/pages"}],"about":[{"href":"https:\/\/trui.es\/ca\/wp-json\/wp\/v2\/types\/page"}],"author":[{"embeddable":true,"href":"https:\/\/trui.es\/ca\/wp-json\/wp\/v2\/users\/5"}],"replies":[{"embeddable":true,"href":"https:\/\/trui.es\/ca\/wp-json\/wp\/v2\/comments?post=7763"}],"version-history":[{"count":3,"href":"https:\/\/trui.es\/ca\/wp-json\/wp\/v2\/pages\/7763\/revisions"}],"predecessor-version":[{"id":8370,"href":"https:\/\/trui.es\/ca\/wp-json\/wp\/v2\/pages\/7763\/revisions\/8370"}],"wp:attachment":[{"href":"https:\/\/trui.es\/ca\/wp-json\/wp\/v2\/media?parent=7763"}],"curies":[{"name":"wp","href":"https:\/\/api.w.org\/{rel}","templated":true}]}}