{"id":7770,"date":"2022-12-29T07:52:25","date_gmt":"2022-12-29T07:52:25","guid":{"rendered":"https:\/\/trui.es\/?page_id=7770"},"modified":"2025-09-29T09:45:11","modified_gmt":"2025-09-29T09:45:11","slug":"politica-general-eventos","status":"publish","type":"page","link":"https:\/\/trui.es\/ca\/politica-general-eventos\/","title":{"rendered":"Pol\u00edtica general eventos"},"content":{"rendered":"<h1>Pol\u00edtica general en eventos<\/h1>\n<p>Todos nuestros recintos son polivalentes, es decir, se realizan\u00a0 m\u00faltiples eventos y de distintos formatos, gestionados por organizadores de distinta \u00edndole, desde GRUP TRUI queremos marcar algunas de las normas b\u00e1sicas en pol\u00edtica del uso de cualquiera de nuestros recinto.:<\/p>\n<ol>\n<li>Queda prohibido introducir alcohol, sustancias ilegales, armas u objetos peligrosos al evento.<\/li>\n<li>Admisi\u00f3n, en virtud de lo dispuesto en la Ley de Espect\u00e1culos P\u00fablicos vigente.<\/li>\n<li>Es importante para todos los asistentes llevar consigo el DNI u otro documento identificativo v\u00e1lido original.<\/li>\n<li>Queda limitada la entrada y\/o permanencia en el evento a toda persona que:\n<ul>\n<li>\u00a0\u00a0\u00a0 &#8211; Se encuentre en estado de embriaguez, porte o consuma cualquier tipo de estupefacientes o cualquier tipo de sustancia ilegal.<\/li>\n<li>\u00a0\u00a0\u00a0 &#8211; Porte armas u objetos contundentes, cortantes o potencialmente peligrosos, susceptible de causar da\u00f1o a personas y\/u objetos.<\/li>\n<li>\u00a0\u00a0\u00a0 &#8211; Provoque o incite cualquier desorden dentro del evento o haya causado alborotos comprobados.<\/li>\n<li>\u00a0\u00a0\u00a0 &#8211; Todo asistente podr\u00e1 ser sometido a un registro por el equipo seguridad en el acceso al evento, siguiendo las directrices de Ley de Espect\u00e1culos P\u00fablicos y Seguridad Privada. En caso de negarse al registro, le ser\u00e1 denegada la entrada al evento.<\/li>\n<\/ul>\n<\/li>\n<li>Cualquier entrada rota o con indicios de falsificaci\u00f3n autorizar\u00e1 al organizador a privar a su portador del acceso al evento.<\/li>\n<li>La organizaci\u00f3n del evento no se hace responsable de las entradas robadas.<\/li>\n<li>Est\u00e1 terminantemente prohibido grabar, retransmitir y\/o filmar el evento con equipo profesional sin permiso previo de la organizaci\u00f3n.<\/li>\n<li>Permitido el acceso a menores.\n<ul>\n<li>&#8211; Menores de 16 y 17 a\u00f1os deben presentar la autorizaci\u00f3n de acceso a menores cumplimentada y firmada.<\/li>\n<li>&#8211; Menores de 16 a\u00f1os acompa\u00f1ados de un adulto autorizado.<\/li>\n<\/ul>\n<\/li>\n<li>\n<p class=\"m_6583698026252001390p2\"><span class=\"m_6583698026252001390apple-converted-space\">\u00a0<\/span>Solo se permitir\u00e1 acceder al recinto con cantidades adecuadas al consumo propio, en aras de poder garantizar la seguridad de todos los asistentes. Se permite -por persona- la entrada de:<span class=\"m_6583698026252001390apple-converted-space\">\u00a0<\/span><u><\/u><u><\/u><\/p>\n<p class=\"m_6583698026252001390p2\">&#8211; una (1) botella de agua o refresco (sin alcohol) SIN TAP\u00d3N, de pl\u00e1stico (ni vidrio, ni metal, ni acero ni cualquier otro material que pueda ser peligroso) con un tama\u00f1o m\u00e1ximo de 50 cl.<span class=\"m_6583698026252001390apple-converted-space\">\u00a0<\/span><u><\/u><u><\/u><\/p>\n<p class=\"m_6583698026252001390p2\">-un (1) bocadillo, s\u00e1ndwich o producto similar<span class=\"m_6583698026252001390apple-converted-space\">\u00a0<\/span><\/p>\n<\/li>\n<\/ol>","protected":false},"excerpt":{"rendered":"<p>Pol\u00edtica general en eventos Todos nuestros recintos son polivalentes, es decir, se realizan\u00a0 m\u00faltiples eventos y de distintos formatos, gestionados por organizadores de distinta \u00edndole, desde GRUP TRUI queremos marcar&#8230;<\/p>","protected":false},"author":5,"featured_media":0,"parent":0,"menu_order":0,"comment_status":"closed","ping_status":"closed","template":"","meta":[],"yoast_head":"<!-- This site is optimized with the Yoast SEO plugin v20.8 - https:\/\/yoast.com\/wordpress\/plugins\/seo\/ -->\n<title>Pol\u00edtica general eventos - Trui<\/title>\n<meta name=\"robots\" content=\"index, follow, max-snippet:-1, max-image-preview:large, max-video-preview:-1\" \/>\n<link rel=\"canonical\" href=\"https:\/\/trui.es\/ca\/politica-general-eventos\/\" \/>\n<meta property=\"og:locale\" content=\"ca_ES\" \/>\n<meta property=\"og:type\" content=\"article\" \/>\n<meta property=\"og:title\" content=\"Pol\u00edtica general eventos - Trui\" \/>\n<meta property=\"og:description\" content=\"Pol\u00edtica general en eventos Todos nuestros recintos son polivalentes, es decir, se realizan\u00a0 m\u00faltiples eventos y de distintos formatos, gestionados por organizadores de distinta \u00edndole, desde GRUP TRUI queremos marcar...\" \/>\n<meta property=\"og:url\" content=\"https:\/\/trui.es\/ca\/politica-general-eventos\/\" \/>\n<meta property=\"og:site_name\" content=\"Trui\" \/>\n<meta property=\"article:modified_time\" content=\"2025-09-29T09:45:11+00:00\" \/>\n<meta name=\"twitter:card\" content=\"summary_large_image\" \/>\n<meta name=\"twitter:label1\" content=\"Temps estimat de lectura\" \/>\n\t<meta name=\"twitter:data1\" content=\"2 minuts\" \/>\n<script type=\"application\/ld+json\" class=\"yoast-schema-graph\">{\"@context\":\"https:\/\/schema.org\",\"@graph\":[{\"@type\":\"WebPage\",\"@id\":\"https:\/\/trui.es\/politica-general-eventos\/\",\"url\":\"https:\/\/trui.es\/politica-general-eventos\/\",\"name\":\"Pol\u00edtica general eventos - Trui\",\"isPartOf\":{\"@id\":\"https:\/\/trui.es\/#website\"},\"datePublished\":\"2022-12-29T07:52:25+00:00\",\"dateModified\":\"2025-09-29T09:45:11+00:00\",\"breadcrumb\":{\"@id\":\"https:\/\/trui.es\/politica-general-eventos\/#breadcrumb\"},\"inLanguage\":\"ca\",\"potentialAction\":[{\"@type\":\"ReadAction\",\"target\":[\"https:\/\/trui.es\/politica-general-eventos\/\"]}]},{\"@type\":\"BreadcrumbList\",\"@id\":\"https:\/\/trui.es\/politica-general-eventos\/#breadcrumb\",\"itemListElement\":[{\"@type\":\"ListItem\",\"position\":1,\"name\":\"Portada\",\"item\":\"https:\/\/trui.es\/\"},{\"@type\":\"ListItem\",\"position\":2,\"name\":\"Pol\u00edtica general eventos\"}]},{\"@type\":\"WebSite\",\"@id\":\"https:\/\/trui.es\/#website\",\"url\":\"https:\/\/trui.es\/\",\"name\":\"Trui\",\"description\":\"El coraz\u00f3n del espect\u00e1culo\",\"publisher\":{\"@id\":\"https:\/\/trui.es\/#organization\"},\"potentialAction\":[{\"@type\":\"SearchAction\",\"target\":{\"@type\":\"EntryPoint\",\"urlTemplate\":\"https:\/\/trui.es\/?s={search_term_string}\"},\"query-input\":\"required name=search_term_string\"}],\"inLanguage\":\"ca\"},{\"@type\":\"Organization\",\"@id\":\"https:\/\/trui.es\/#organization\",\"name\":\"Grup Trui\",\"url\":\"https:\/\/trui.es\/\",\"logo\":{\"@type\":\"ImageObject\",\"inLanguage\":\"ca\",\"@id\":\"https:\/\/trui.es\/#\/schema\/logo\/image\/\",\"url\":\"https:\/\/trui.es\/wp-content\/uploads\/2023\/02\/Logo-Trui-Brands-for-People-1.png\",\"contentUrl\":\"https:\/\/trui.es\/wp-content\/uploads\/2023\/02\/Logo-Trui-Brands-for-People-1.png\",\"width\":578,\"height\":311,\"caption\":\"Grup Trui\"},\"image\":{\"@id\":\"https:\/\/trui.es\/#\/schema\/logo\/image\/\"}}]}<\/script>\n<!-- \/ Yoast SEO plugin. -->","yoast_head_json":{"title":"Pol\u00edtica general eventos - Trui","robots":{"index":"index","follow":"follow","max-snippet":"max-snippet:-1","max-image-preview":"max-image-preview:large","max-video-preview":"max-video-preview:-1"},"canonical":"https:\/\/trui.es\/ca\/politica-general-eventos\/","og_locale":"ca_ES","og_type":"article","og_title":"Pol\u00edtica general eventos - Trui","og_description":"Pol\u00edtica general en eventos Todos nuestros recintos son polivalentes, es decir, se realizan\u00a0 m\u00faltiples eventos y de distintos formatos, gestionados por organizadores de distinta \u00edndole, desde GRUP TRUI queremos marcar...","og_url":"https:\/\/trui.es\/ca\/politica-general-eventos\/","og_site_name":"Trui","article_modified_time":"2025-09-29T09:45:11+00:00","twitter_card":"summary_large_image","twitter_misc":{"Temps estimat de lectura":"2 minuts"},"schema":{"@context":"https:\/\/schema.org","@graph":[{"@type":"WebPage","@id":"https:\/\/trui.es\/politica-general-eventos\/","url":"https:\/\/trui.es\/politica-general-eventos\/","name":"Pol\u00edtica general eventos - Trui","isPartOf":{"@id":"https:\/\/trui.es\/#website"},"datePublished":"2022-12-29T07:52:25+00:00","dateModified":"2025-09-29T09:45:11+00:00","breadcrumb":{"@id":"https:\/\/trui.es\/politica-general-eventos\/#breadcrumb"},"inLanguage":"ca","potentialAction":[{"@type":"ReadAction","target":["https:\/\/trui.es\/politica-general-eventos\/"]}]},{"@type":"BreadcrumbList","@id":"https:\/\/trui.es\/politica-general-eventos\/#breadcrumb","itemListElement":[{"@type":"ListItem","position":1,"name":"Portada","item":"https:\/\/trui.es\/"},{"@type":"ListItem","position":2,"name":"Pol\u00edtica general eventos"}]},{"@type":"WebSite","@id":"https:\/\/trui.es\/#website","url":"https:\/\/trui.es\/","name":"Trui","description":"El coraz\u00f3n del espect\u00e1culo","publisher":{"@id":"https:\/\/trui.es\/#organization"},"potentialAction":[{"@type":"SearchAction","target":{"@type":"EntryPoint","urlTemplate":"https:\/\/trui.es\/?s={search_term_string}"},"query-input":"required name=search_term_string"}],"inLanguage":"ca"},{"@type":"Organization","@id":"https:\/\/trui.es\/#organization","name":"Grup Trui","url":"https:\/\/trui.es\/","logo":{"@type":"ImageObject","inLanguage":"ca","@id":"https:\/\/trui.es\/#\/schema\/logo\/image\/","url":"https:\/\/trui.es\/wp-content\/uploads\/2023\/02\/Logo-Trui-Brands-for-People-1.png","contentUrl":"https:\/\/trui.es\/wp-content\/uploads\/2023\/02\/Logo-Trui-Brands-for-People-1.png","width":578,"height":311,"caption":"Grup Trui"},"image":{"@id":"https:\/\/trui.es\/#\/schema\/logo\/image\/"}}]}},"_links":{"self":[{"href":"https:\/\/trui.es\/ca\/wp-json\/wp\/v2\/pages\/7770"}],"collection":[{"href":"https:\/\/trui.es\/ca\/wp-json\/wp\/v2\/pages"}],"about":[{"href":"https:\/\/trui.es\/ca\/wp-json\/wp\/v2\/types\/page"}],"author":[{"embeddable":true,"href":"https:\/\/trui.es\/ca\/wp-json\/wp\/v2\/users\/5"}],"replies":[{"embeddable":true,"href":"https:\/\/trui.es\/ca\/wp-json\/wp\/v2\/comments?post=7770"}],"version-history":[{"count":5,"href":"https:\/\/trui.es\/ca\/wp-json\/wp\/v2\/pages\/7770\/revisions"}],"predecessor-version":[{"id":8455,"href":"https:\/\/trui.es\/ca\/wp-json\/wp\/v2\/pages\/7770\/revisions\/8455"}],"wp:attachment":[{"href":"https:\/\/trui.es\/ca\/wp-json\/wp\/v2\/media?parent=7770"}],"curies":[{"name":"wp","href":"https:\/\/api.w.org\/{rel}","templated":true}]}}