{"id":8395,"date":"2023-10-19T13:59:20","date_gmt":"2023-10-19T13:59:20","guid":{"rendered":"https:\/\/trui.es\/?page_id=8395"},"modified":"2023-10-19T13:59:20","modified_gmt":"2023-10-19T13:59:20","slug":"lopd-mail","status":"publish","type":"page","link":"https:\/\/trui.es\/ca\/lopd-mail\/","title":{"rendered":"LOPD MAIL"},"content":{"rendered":"<p>Este correo electr\u00f3nico, y en su caso, cualquier fichero anexo, contiene informaci\u00f3n de car\u00e1cter confidencial exclusivamente dirigida a su destinatario. Queda prohibida su divulgaci\u00f3n, copia o distribuci\u00f3n a terceros sin la previa autorizaci\u00f3n escrita de la Entidad. En caso de haber recibido este correo electr\u00f3nico por error, se ruega la notificaci\u00f3n inmediata de esta circunstancia mediante reenv\u00edo a la direcci\u00f3n electr\u00f3nica del remitente. INFORMACI\u00d3N B\u00c1SICA DE PROTECCI\u00d3N DE DATOS: RESPONSABLE: GRUP TRUI, que como marca engloba las siguientes entidades: MUSICAL BALEAR, S.L., con cif: B07695596; GRUP TRUI MALLORCA, S.L., con cif: B57634131;\u00a0 TRUI ESPECT\u00c1CULOS, S.L., con cif: B07218753; y HAY GANAS DE CONCIERTO SL, con cif: B05362967, Direcci\u00f3n: C\/ LICORERS N\u00ba13, C.P.: 07141, MARRATXI, ILLES BALEARS, Tel\u00e9fono 971 605 506, Email: <a href=\"mailto:info@trui.es\">info@trui.es<\/a>. Delegado de protecci\u00f3n de datos: email: <a href=\"mailto:protecmirlegal@protecmir.com\">protecmirlegal@protecmir.com<\/a>. FINALIDAD: Comunicaciones con clientes, clientes potenciales, proveedores, trabajadores, colaboradores y administraciones. LEGITIMACI\u00d3N: Cumplimiento de Obligaciones legales, Ejecuci\u00f3n de un contrato, consentimiento del interesado y medidas precontractuales. DESTINATARIOS: No se ceder\u00e1n datos a terceros, salvo obligaci\u00f3n legal. No hay previsi\u00f3n de transferencia de datos a terceros pa\u00edses. No se toman decisiones de adecuaci\u00f3n, garant\u00edas, normas corporativas vinculantes o situaciones espec\u00edficas aplicables. DERECHOS: Usted tiene derecho a acceder, rectificar y suprimir datos, as\u00ed como se explica en la informaci\u00f3n adicional. INFORMACI\u00d3N ADICIONAL: Puede solicitar esta informaci\u00f3n adicional en el correo electr\u00f3nico: <a href=\"mailto:info@trui.es\">info@trui.es<\/a>.<\/p>","protected":false},"excerpt":{"rendered":"<p>Este correo electr\u00f3nico, y en su caso, cualquier fichero anexo, contiene informaci\u00f3n de car\u00e1cter confidencial exclusivamente dirigida a su destinatario. Queda prohibida su divulgaci\u00f3n, copia o distribuci\u00f3n a terceros sin&#8230;<\/p>","protected":false},"author":1,"featured_media":0,"parent":0,"menu_order":0,"comment_status":"closed","ping_status":"closed","template":"","meta":[],"yoast_head":"<!-- This site is optimized with the Yoast SEO plugin v20.8 - https:\/\/yoast.com\/wordpress\/plugins\/seo\/ -->\n<title>LOPD MAIL - Trui<\/title>\n<meta name=\"robots\" content=\"index, follow, max-snippet:-1, max-image-preview:large, max-video-preview:-1\" \/>\n<link rel=\"canonical\" href=\"https:\/\/trui.es\/ca\/lopd-mail\/\" \/>\n<meta property=\"og:locale\" content=\"ca_ES\" \/>\n<meta property=\"og:type\" content=\"article\" \/>\n<meta property=\"og:title\" content=\"LOPD MAIL - Trui\" \/>\n<meta property=\"og:description\" content=\"Este correo electr\u00f3nico, y en su caso, cualquier fichero anexo, contiene informaci\u00f3n de car\u00e1cter confidencial exclusivamente dirigida a su destinatario. Queda prohibida su divulgaci\u00f3n, copia o distribuci\u00f3n a terceros sin...\" \/>\n<meta property=\"og:url\" content=\"https:\/\/trui.es\/ca\/lopd-mail\/\" \/>\n<meta property=\"og:site_name\" content=\"Trui\" \/>\n<meta name=\"twitter:card\" content=\"summary_large_image\" \/>\n<meta name=\"twitter:label1\" content=\"Temps estimat de lectura\" \/>\n\t<meta name=\"twitter:data1\" content=\"2 minuts\" \/>\n<script type=\"application\/ld+json\" class=\"yoast-schema-graph\">{\"@context\":\"https:\/\/schema.org\",\"@graph\":[{\"@type\":\"WebPage\",\"@id\":\"https:\/\/trui.es\/lopd-mail\/\",\"url\":\"https:\/\/trui.es\/lopd-mail\/\",\"name\":\"LOPD MAIL - Trui\",\"isPartOf\":{\"@id\":\"https:\/\/trui.es\/#website\"},\"datePublished\":\"2023-10-19T13:59:20+00:00\",\"dateModified\":\"2023-10-19T13:59:20+00:00\",\"breadcrumb\":{\"@id\":\"https:\/\/trui.es\/lopd-mail\/#breadcrumb\"},\"inLanguage\":\"ca\",\"potentialAction\":[{\"@type\":\"ReadAction\",\"target\":[\"https:\/\/trui.es\/lopd-mail\/\"]}]},{\"@type\":\"BreadcrumbList\",\"@id\":\"https:\/\/trui.es\/lopd-mail\/#breadcrumb\",\"itemListElement\":[{\"@type\":\"ListItem\",\"position\":1,\"name\":\"Portada\",\"item\":\"https:\/\/trui.es\/\"},{\"@type\":\"ListItem\",\"position\":2,\"name\":\"LOPD MAIL\"}]},{\"@type\":\"WebSite\",\"@id\":\"https:\/\/trui.es\/#website\",\"url\":\"https:\/\/trui.es\/\",\"name\":\"Trui\",\"description\":\"El coraz\u00f3n del espect\u00e1culo\",\"publisher\":{\"@id\":\"https:\/\/trui.es\/#organization\"},\"potentialAction\":[{\"@type\":\"SearchAction\",\"target\":{\"@type\":\"EntryPoint\",\"urlTemplate\":\"https:\/\/trui.es\/?s={search_term_string}\"},\"query-input\":\"required name=search_term_string\"}],\"inLanguage\":\"ca\"},{\"@type\":\"Organization\",\"@id\":\"https:\/\/trui.es\/#organization\",\"name\":\"Grup Trui\",\"url\":\"https:\/\/trui.es\/\",\"logo\":{\"@type\":\"ImageObject\",\"inLanguage\":\"ca\",\"@id\":\"https:\/\/trui.es\/#\/schema\/logo\/image\/\",\"url\":\"https:\/\/trui.es\/wp-content\/uploads\/2023\/02\/Logo-Trui-Brands-for-People-1.png\",\"contentUrl\":\"https:\/\/trui.es\/wp-content\/uploads\/2023\/02\/Logo-Trui-Brands-for-People-1.png\",\"width\":578,\"height\":311,\"caption\":\"Grup Trui\"},\"image\":{\"@id\":\"https:\/\/trui.es\/#\/schema\/logo\/image\/\"}}]}<\/script>\n<!-- \/ Yoast SEO plugin. -->","yoast_head_json":{"title":"LOPD MAIL - Trui","robots":{"index":"index","follow":"follow","max-snippet":"max-snippet:-1","max-image-preview":"max-image-preview:large","max-video-preview":"max-video-preview:-1"},"canonical":"https:\/\/trui.es\/ca\/lopd-mail\/","og_locale":"ca_ES","og_type":"article","og_title":"LOPD MAIL - Trui","og_description":"Este correo electr\u00f3nico, y en su caso, cualquier fichero anexo, contiene informaci\u00f3n de car\u00e1cter confidencial exclusivamente dirigida a su destinatario. Queda prohibida su divulgaci\u00f3n, copia o distribuci\u00f3n a terceros sin...","og_url":"https:\/\/trui.es\/ca\/lopd-mail\/","og_site_name":"Trui","twitter_card":"summary_large_image","twitter_misc":{"Temps estimat de lectura":"2 minuts"},"schema":{"@context":"https:\/\/schema.org","@graph":[{"@type":"WebPage","@id":"https:\/\/trui.es\/lopd-mail\/","url":"https:\/\/trui.es\/lopd-mail\/","name":"LOPD MAIL - Trui","isPartOf":{"@id":"https:\/\/trui.es\/#website"},"datePublished":"2023-10-19T13:59:20+00:00","dateModified":"2023-10-19T13:59:20+00:00","breadcrumb":{"@id":"https:\/\/trui.es\/lopd-mail\/#breadcrumb"},"inLanguage":"ca","potentialAction":[{"@type":"ReadAction","target":["https:\/\/trui.es\/lopd-mail\/"]}]},{"@type":"BreadcrumbList","@id":"https:\/\/trui.es\/lopd-mail\/#breadcrumb","itemListElement":[{"@type":"ListItem","position":1,"name":"Portada","item":"https:\/\/trui.es\/"},{"@type":"ListItem","position":2,"name":"LOPD MAIL"}]},{"@type":"WebSite","@id":"https:\/\/trui.es\/#website","url":"https:\/\/trui.es\/","name":"Trui","description":"El coraz\u00f3n del espect\u00e1culo","publisher":{"@id":"https:\/\/trui.es\/#organization"},"potentialAction":[{"@type":"SearchAction","target":{"@type":"EntryPoint","urlTemplate":"https:\/\/trui.es\/?s={search_term_string}"},"query-input":"required name=search_term_string"}],"inLanguage":"ca"},{"@type":"Organization","@id":"https:\/\/trui.es\/#organization","name":"Grup Trui","url":"https:\/\/trui.es\/","logo":{"@type":"ImageObject","inLanguage":"ca","@id":"https:\/\/trui.es\/#\/schema\/logo\/image\/","url":"https:\/\/trui.es\/wp-content\/uploads\/2023\/02\/Logo-Trui-Brands-for-People-1.png","contentUrl":"https:\/\/trui.es\/wp-content\/uploads\/2023\/02\/Logo-Trui-Brands-for-People-1.png","width":578,"height":311,"caption":"Grup Trui"},"image":{"@id":"https:\/\/trui.es\/#\/schema\/logo\/image\/"}}]}},"_links":{"self":[{"href":"https:\/\/trui.es\/ca\/wp-json\/wp\/v2\/pages\/8395"}],"collection":[{"href":"https:\/\/trui.es\/ca\/wp-json\/wp\/v2\/pages"}],"about":[{"href":"https:\/\/trui.es\/ca\/wp-json\/wp\/v2\/types\/page"}],"author":[{"embeddable":true,"href":"https:\/\/trui.es\/ca\/wp-json\/wp\/v2\/users\/1"}],"replies":[{"embeddable":true,"href":"https:\/\/trui.es\/ca\/wp-json\/wp\/v2\/comments?post=8395"}],"version-history":[{"count":1,"href":"https:\/\/trui.es\/ca\/wp-json\/wp\/v2\/pages\/8395\/revisions"}],"predecessor-version":[{"id":8396,"href":"https:\/\/trui.es\/ca\/wp-json\/wp\/v2\/pages\/8395\/revisions\/8396"}],"wp:attachment":[{"href":"https:\/\/trui.es\/ca\/wp-json\/wp\/v2\/media?parent=8395"}],"curies":[{"name":"wp","href":"https:\/\/api.w.org\/{rel}","templated":true}]}}