{"id":7760,"date":"2022-12-29T07:50:20","date_gmt":"2022-12-29T07:50:20","guid":{"rendered":"https:\/\/trui.es\/?page_id=7760"},"modified":"2025-02-21T15:25:01","modified_gmt":"2025-02-21T15:25:01","slug":"aviso-legal","status":"publish","type":"page","link":"https:\/\/trui.es\/en\/legal-warning\/","title":{"rendered":"Legal warning"},"content":{"rendered":"<h1>LEGAL WARNING<\/h1>\n<p>De conformidad con lo dispuesto en los art\u00edculos 10 y 11 de la Ley 34\/ 2002, de 11 de julio, de Servicios de la<br \/>\nSociedad de la Informaci\u00f3n y de Comercio Electr\u00f3nico se pone a disposici\u00f3n de los usuarios y visitantes la<br \/>\ninformaci\u00f3n legal relativa a la entidad propietaria del sitio web ubicado en la direcci\u00f3n de Internet www.trui.es.<br \/>\nOwner of the website.<br \/>\nCompany name: GRUP TRUI MALLORCA, SL<br \/>\nCIF\/NIF: B57634131<br \/>\nAddress: C\/ LICORERS N\u00ba13 07141 MARRATXI, BALEARIC ISLANDS<br \/>\nDirecci\u00f3n de correo electr\u00f3nico: trui@trui.es Tel\u00e9fono: 971605506<br \/>\nInscrito en el Registro Mercantil Tomo 2589, Folio 141, Hoja PM64664, Libro , SECCI\u00d3N 8,<br \/>\nActivity: EVENTS ORGANIZATION<br \/>\nTerms of use:<br \/>\nPara navegar en esta p\u00e1gina web como visitante o para registrarse y poder acceder a los servicios ofrecidos por<br \/>\nGRUP TRUI MALLORCA, S.L., se deber\u00e1n aceptar las siguientes condiciones de servicio y uso:<br \/>\na) El usuario asume las presentes condiciones generales de uso y servicio de la p\u00e1gina webwww.trui.es. Si el<br \/>\nusuario no acepta las presentes condiciones, no podr\u00e1 hacer uso de los servicios y contenidos de la p\u00e1gina<br \/>\nweb www.trui.es.<br \/>\nb) Las presentes condiciones de uso regulan el acceso y utilizaci\u00f3n de la p\u00e1gina web www.trui.es La utilizaci\u00f3n<br \/>\nde esta web le atribuye la condici\u00f3n de usuario desde el acceso e inicio de la navegaci\u00f3n en la misma. Desde<br \/>\nel momento de acceso a cualquiera de sus contenidos, el usuario acepta de manera expresa las presentes<br \/>\ncondiciones generales. El usuario acepta las condiciones particulares aplicables de los diferentes servicios<br \/>\nque oferta la entidad en la web a la que accede.<br \/>\nc) A trav\u00e9s de la p\u00e1gina web, www.trui.es se facilita a los usuarios el acceso y la utilizaci\u00f3n de diversa<br \/>\ninformaci\u00f3n y diversos servicios.<br \/>\nd) El usuario debe ser mayor de edad para utilizar los servicios de la web www.trui.es. Los menores de 18 a\u00f1os<br \/>\ns\u00f3lo podr\u00e1n utilizar los Servicios de la Web www.trui.es bajo la supervisi\u00f3n de un progenitor o un tutor legal.<br \/>\ne) El usuario se compromete a realizar un uso adecuado de los contenidos y servicios de la p\u00e1gina webwww.trui.<br \/>\nes. Este uso debe realizarse de conformidad con la Ley, las buenas costumbres, el orden p\u00fablico y con lo<br \/>\ndispuesto en las presentes condiciones generales.<br \/>\nf) Con car\u00e1cter general, para la prestaci\u00f3n de los servicios y el acceso a la informaci\u00f3n de la p\u00e1gina web no se<br \/>\nexige la previa suscripci\u00f3n o registro del usuario. No obstante, GRUP TRUI MALLORCA, S.L. condiciona la<br \/>\nutilizaci\u00f3n de algunos de los servicios, ofertados en la web a la previa cumplimentaci\u00f3n del correspondiente<br \/>\nregistro o formulario de recogida de datos de car\u00e1cter personal del usuario. El citado registro se efectuar\u00e1 en<br \/>\nla forma expresamente indicada en el propio servicio o en las condiciones particulares que, en su caso, lo<br \/>\nregulen.<br \/>\ng) El usuario asume la obligaci\u00f3n de no realizar ninguna actuaci\u00f3n que pueda da\u00f1ar, inutilizar, hacer inaccesible<br \/>\no deteriorar los contenidos, los servicios y\/o impedir un normal disfrute de la p\u00e1gina web www.trui.es por otros<br \/>\nusuarios. En particular, y a t\u00edtulo meramente enunciativo y no limitativo, el usuario se compromete a:<br \/>\nNo realizar ninguna acci\u00f3n que pueda afectar, destruir, alterar, inutilizar o da\u00f1ar datos de car\u00e1cter personal,<br \/>\nprogramas o documentos electr\u00f3nicos que se encuentren en la web.<\/p>\n<p>No introducir, almacenar o difundir ning\u00fan programa de ordenador, datos, virus o c\u00f3digo que sea susceptible de<br \/>\ncausar da\u00f1os en la p\u00e1gina web, en cualquiera de los servicios, o en cualquiera de los equipos, sistemas o redes<br \/>\nde la entidad, de cualquier otro usuario y\/o de cualquier proveedor de la entidad.<br \/>\nModifications.<br \/>\nLa entidad se reserva el derecho a modificar, unilateralmente, en cualquier momento y sin previo aviso las<br \/>\npresentes condiciones. En estos casos se proceder\u00e1 a su publicaci\u00f3n y aviso con la m\u00e1xima antelaci\u00f3n posible.<br \/>\nDe igual modo, se reserva el derecho a modificar, unilateralmente, en cualquier momento y sin previo aviso, la<br \/>\npresentaci\u00f3n y configuraci\u00f3n de la web.<br \/>\nLinks with third parties.<br \/>\nEl presente Aviso Legal se refiere \u00fanicamente a la p\u00e1gina web, y no se aplica a los enlaces o a las p\u00e1ginas web<br \/>\nde terceros accesibles a trav\u00e9s de la p\u00e1gina web. La entidad no es responsable del contenido de ninguna de las<br \/>\np\u00e1ginas web de destino de un enlace, ni de ning\u00fan enlace incluido en una p\u00e1gina web a la que se llegue desde la<br \/>\nweb de la entidad.<br \/>\nIntellectual property.<br \/>\nTodos los contenidos de la p\u00e1gina web son titularidad exclusiva de la entidad y, con car\u00e1cter enunciativo, que no<br \/>\nlimitativo, el dise\u00f1o gr\u00e1fico, c\u00f3digo fuente, logos, textos, gr\u00e1ficos, ilustraciones, fotograf\u00edas, y dem\u00e1s elementos<br \/>\nque aparecen en la p\u00e1gina web. As\u00ed mismo los nombres comerciales, marcas o signos distintivos de cualquier<br \/>\nclase contenidos en la p\u00e1gina web est\u00e1n protegidos por la Ley de propiedad intelectual e industrial. Corresponde<br \/>\na la entidad el ejercicio exclusivo de los derechos de explotaci\u00f3n de la propiedad intelectual mencionada, en<br \/>\ncualquier forma y, en especial, los derechos de reproducci\u00f3n, distribuci\u00f3n y comunicaci\u00f3n p\u00fablica. El usuario<br \/>\ntiene prohibido cualquier uso no consentido total o parcial de cualquiera de los contenidos de la p\u00e1gina web que<br \/>\nintegran los derechos de propiedad intelectual o industrial de la entidad sobre la p\u00e1gina y\/o sus contenidos.<br \/>\nLa entidad se reserva el derecho a realizar cualquier tipo de acci\u00f3n legal contra cualquier usuario que realice una<br \/>\nacci\u00f3n que implique reproducci\u00f3n, distribuci\u00f3n, comercializaci\u00f3n, transformaci\u00f3n y, en general, cualquier otra<br \/>\nforma de explotaci\u00f3n, por cualquier procedimiento, de todo o parte de los contenidos de la p\u00e1gina web, y que<br \/>\nconstituya una infracci\u00f3n de los derechos de propiedad intelectual y\/o industrial de la misma.<br \/>\nnotifications.<br \/>\nA los efectos de las presentes condiciones generales, y para cualquier comunicaci\u00f3n que sea precisa entre la<br \/>\nentidad y el usuario, este \u00faltimo deber\u00e1 hacer uso del correo electr\u00f3nico trui@trui.es. Las comunicaciones de la<br \/>\nentidad al usuario se realizar\u00e1n conforme a los datos de car\u00e1cter personal aportados por este \u00faltimo al registrarse<br \/>\nen la p\u00e1gina web www.trui.es El usuario acepta expresamente y para todas las comunicaciones relacionadas con<br \/>\nla utilizaci\u00f3n de la p\u00e1gina web y\/o la contrataci\u00f3n de los servicios ofertados en la misma, la utilizaci\u00f3n del correo<br \/>\nelectr\u00f3nico como procedimiento v\u00e1lido para la remisi\u00f3n de estas comunicaciones.<br \/>\nApplicable legislation and submission to jurisdiction.<br \/>\nLas relaciones establecidas entre el titular de la p\u00e1gina web, y el usuario se regir\u00e1 por la normativa espa\u00f1ola<br \/>\nvigente y la resoluci\u00f3n de cualquier posible controversia que pueda surgir quedar\u00e1 sometida a los Juzgados y<br \/>\nTribunales competentes. En el caso de que el usuario tenga la condici\u00f3n de consumidor ser\u00e1n competentes los<br \/>\nJuzgados y Tribunales que correspondan seg\u00fan lo previsto en la normativa de consumidores vigente.<\/p>","protected":false},"excerpt":{"rendered":"<p>AVISO LEGAL De conformidad con lo dispuesto en los art\u00edculos 10 y 11 de la Ley 34\/ 2002, de 11 de julio, de Servicios de la Sociedad de la Informaci\u00f3n&#8230;<\/p>","protected":false},"author":5,"featured_media":0,"parent":0,"menu_order":0,"comment_status":"closed","ping_status":"closed","template":"","meta":[],"yoast_head":"<!-- This site is optimized with the Yoast SEO plugin v20.8 - https:\/\/yoast.com\/wordpress\/plugins\/seo\/ -->\n<title>Aviso Legal - Trui<\/title>\n<meta name=\"robots\" content=\"index, follow, max-snippet:-1, max-image-preview:large, max-video-preview:-1\" \/>\n<link rel=\"canonical\" href=\"https:\/\/trui.es\/en\/legal-warning\/\" \/>\n<meta property=\"og:locale\" content=\"en_US\" \/>\n<meta property=\"og:type\" content=\"article\" \/>\n<meta property=\"og:title\" content=\"Aviso Legal - Trui\" \/>\n<meta property=\"og:description\" content=\"AVISO LEGAL De conformidad con lo dispuesto en los art\u00edculos 10 y 11 de la Ley 34\/ 2002, de 11 de julio, de Servicios de la Sociedad de la Informaci\u00f3n...\" \/>\n<meta property=\"og:url\" content=\"https:\/\/trui.es\/en\/legal-warning\/\" \/>\n<meta property=\"og:site_name\" content=\"Trui\" \/>\n<meta property=\"article:modified_time\" content=\"2025-02-21T15:25:01+00:00\" \/>\n<meta name=\"twitter:card\" content=\"summary_large_image\" \/>\n<meta name=\"twitter:label1\" content=\"Est. reading time\" \/>\n\t<meta name=\"twitter:data1\" content=\"6 minutes\" \/>\n<script type=\"application\/ld+json\" class=\"yoast-schema-graph\">{\"@context\":\"https:\/\/schema.org\",\"@graph\":[{\"@type\":\"WebPage\",\"@id\":\"https:\/\/trui.es\/aviso-legal\/\",\"url\":\"https:\/\/trui.es\/aviso-legal\/\",\"name\":\"Aviso Legal - Trui\",\"isPartOf\":{\"@id\":\"https:\/\/trui.es\/#website\"},\"datePublished\":\"2022-12-29T07:50:20+00:00\",\"dateModified\":\"2025-02-21T15:25:01+00:00\",\"breadcrumb\":{\"@id\":\"https:\/\/trui.es\/aviso-legal\/#breadcrumb\"},\"inLanguage\":\"en-US\",\"potentialAction\":[{\"@type\":\"ReadAction\",\"target\":[\"https:\/\/trui.es\/aviso-legal\/\"]}]},{\"@type\":\"BreadcrumbList\",\"@id\":\"https:\/\/trui.es\/aviso-legal\/#breadcrumb\",\"itemListElement\":[{\"@type\":\"ListItem\",\"position\":1,\"name\":\"Portada\",\"item\":\"https:\/\/trui.es\/\"},{\"@type\":\"ListItem\",\"position\":2,\"name\":\"Aviso Legal\"}]},{\"@type\":\"WebSite\",\"@id\":\"https:\/\/trui.es\/#website\",\"url\":\"https:\/\/trui.es\/\",\"name\":\"Trui\",\"description\":\"El coraz\u00f3n del espect\u00e1culo\",\"publisher\":{\"@id\":\"https:\/\/trui.es\/#organization\"},\"potentialAction\":[{\"@type\":\"SearchAction\",\"target\":{\"@type\":\"EntryPoint\",\"urlTemplate\":\"https:\/\/trui.es\/?s={search_term_string}\"},\"query-input\":\"required name=search_term_string\"}],\"inLanguage\":\"en-US\"},{\"@type\":\"Organization\",\"@id\":\"https:\/\/trui.es\/#organization\",\"name\":\"Grup Trui\",\"url\":\"https:\/\/trui.es\/\",\"logo\":{\"@type\":\"ImageObject\",\"inLanguage\":\"en-US\",\"@id\":\"https:\/\/trui.es\/#\/schema\/logo\/image\/\",\"url\":\"https:\/\/trui.es\/wp-content\/uploads\/2023\/02\/Logo-Trui-Brands-for-People-1.png\",\"contentUrl\":\"https:\/\/trui.es\/wp-content\/uploads\/2023\/02\/Logo-Trui-Brands-for-People-1.png\",\"width\":578,\"height\":311,\"caption\":\"Grup Trui\"},\"image\":{\"@id\":\"https:\/\/trui.es\/#\/schema\/logo\/image\/\"}}]}<\/script>\n<!-- \/ Yoast SEO plugin. -->","yoast_head_json":{"title":"Aviso Legal - Trui","robots":{"index":"index","follow":"follow","max-snippet":"max-snippet:-1","max-image-preview":"max-image-preview:large","max-video-preview":"max-video-preview:-1"},"canonical":"https:\/\/trui.es\/en\/legal-warning\/","og_locale":"en_US","og_type":"article","og_title":"Aviso Legal - Trui","og_description":"AVISO LEGAL De conformidad con lo dispuesto en los art\u00edculos 10 y 11 de la Ley 34\/ 2002, de 11 de julio, de Servicios de la Sociedad de la Informaci\u00f3n...","og_url":"https:\/\/trui.es\/en\/legal-warning\/","og_site_name":"Trui","article_modified_time":"2025-02-21T15:25:01+00:00","twitter_card":"summary_large_image","twitter_misc":{"Est. reading time":"6 minutes"},"schema":{"@context":"https:\/\/schema.org","@graph":[{"@type":"WebPage","@id":"https:\/\/trui.es\/aviso-legal\/","url":"https:\/\/trui.es\/aviso-legal\/","name":"Aviso Legal - Trui","isPartOf":{"@id":"https:\/\/trui.es\/#website"},"datePublished":"2022-12-29T07:50:20+00:00","dateModified":"2025-02-21T15:25:01+00:00","breadcrumb":{"@id":"https:\/\/trui.es\/aviso-legal\/#breadcrumb"},"inLanguage":"en-US","potentialAction":[{"@type":"ReadAction","target":["https:\/\/trui.es\/aviso-legal\/"]}]},{"@type":"BreadcrumbList","@id":"https:\/\/trui.es\/aviso-legal\/#breadcrumb","itemListElement":[{"@type":"ListItem","position":1,"name":"Portada","item":"https:\/\/trui.es\/"},{"@type":"ListItem","position":2,"name":"Aviso Legal"}]},{"@type":"WebSite","@id":"https:\/\/trui.es\/#website","url":"https:\/\/trui.es\/","name":"Trui","description":"El coraz\u00f3n del espect\u00e1culo","publisher":{"@id":"https:\/\/trui.es\/#organization"},"potentialAction":[{"@type":"SearchAction","target":{"@type":"EntryPoint","urlTemplate":"https:\/\/trui.es\/?s={search_term_string}"},"query-input":"required name=search_term_string"}],"inLanguage":"en-US"},{"@type":"Organization","@id":"https:\/\/trui.es\/#organization","name":"Grup Trui","url":"https:\/\/trui.es\/","logo":{"@type":"ImageObject","inLanguage":"en-US","@id":"https:\/\/trui.es\/#\/schema\/logo\/image\/","url":"https:\/\/trui.es\/wp-content\/uploads\/2023\/02\/Logo-Trui-Brands-for-People-1.png","contentUrl":"https:\/\/trui.es\/wp-content\/uploads\/2023\/02\/Logo-Trui-Brands-for-People-1.png","width":578,"height":311,"caption":"Grup Trui"},"image":{"@id":"https:\/\/trui.es\/#\/schema\/logo\/image\/"}}]}},"_links":{"self":[{"href":"https:\/\/trui.es\/en\/wp-json\/wp\/v2\/pages\/7760"}],"collection":[{"href":"https:\/\/trui.es\/en\/wp-json\/wp\/v2\/pages"}],"about":[{"href":"https:\/\/trui.es\/en\/wp-json\/wp\/v2\/types\/page"}],"author":[{"embeddable":true,"href":"https:\/\/trui.es\/en\/wp-json\/wp\/v2\/users\/5"}],"replies":[{"embeddable":true,"href":"https:\/\/trui.es\/en\/wp-json\/wp\/v2\/comments?post=7760"}],"version-history":[{"count":4,"href":"https:\/\/trui.es\/en\/wp-json\/wp\/v2\/pages\/7760\/revisions"}],"predecessor-version":[{"id":8413,"href":"https:\/\/trui.es\/en\/wp-json\/wp\/v2\/pages\/7760\/revisions\/8413"}],"wp:attachment":[{"href":"https:\/\/trui.es\/en\/wp-json\/wp\/v2\/media?parent=7760"}],"curies":[{"name":"wp","href":"https:\/\/api.w.org\/{rel}","templated":true}]}}