{"id":7864,"date":"2025-09-16T08:59:56","date_gmt":"2025-09-16T08:59:56","guid":{"rendered":"https:\/\/trui.es\/?page_id=7864"},"modified":"2025-09-17T10:44:10","modified_gmt":"2025-09-17T10:44:10","slug":"instalacion_fotovoltaica","status":"publish","type":"page","link":"https:\/\/trui.es\/en\/instalacion_fotovoltaica\/","title":{"rendered":"instalaci\u00f3n fotovoltaica"},"content":{"rendered":"<p><a href=\"https:\/\/trui.es\/wp-content\/uploads\/2025\/09\/logos-placas-scaled.jpg\"><img decoding=\"async\" loading=\"lazy\" class=\"alignnone size-full wp-image-8433\" src=\"https:\/\/trui.es\/wp-content\/uploads\/2025\/09\/logos-placas-scaled.jpg\" alt=\"\" width=\"2560\" height=\"509\" \/><\/a>Instalaci\u00f3n fotovoltaica de 50 kW ( kWp), la cual se beneficiar\u00e1 del soporte de fondos europeos NEXT GenerationEU. Esta instalaci\u00f3n se ubicar\u00e1 sobre una cubierta, espec\u00edficamente en el n\u00famero 13 de la calle Licorers, en el t\u00e9rmino municipal Marratx\u00ed, Pol\u00edgono de Marratxi, c\u00f3digo postal 07141<\/p>\n<p>El prop\u00f3sito de esta instalaci\u00f3n es generar electricidad renovable y sostenible a trav\u00e9s de paneles solares fotovolt\u00e1icos. Esta tecnolog\u00eda aprovecha la radiaci\u00f3n solar y la transformaci\u00f3n en energ\u00eda el\u00e9ctrica, ayudando as\u00ed a reducir la dependencia de fuentes de energ\u00eda no renovables y disminuir las emisiones de gases de efecto invernadero.<\/p>\n<p>La instalaci\u00f3n estar\u00e1 conectada a la red el\u00e9ctrica\u00a0 lo que permitir\u00e1 utilizar la energ\u00eda generada tanto para el autoconsumo de la empresa como para inyectar el excedente de energ\u00eda a la red el\u00e9ctrica.<\/p>\n<p>Con esta instalaci\u00f3n fotovoltaica, la empresa Trui Espectacles, S.L. podr\u00e1 reducir sus costos energ\u00e9ticos, ya que una parte de la energ\u00eda necesaria para el funcionamiento de sus instalaciones y equipos ser\u00e1 generada de manera sostenible. Adem\u00e1s, al utilizar energ\u00eda renovable, se contribuir\u00e1 a la protecci\u00f3n del medio ambiente y se fortalecer\u00e1 la imagen de la empresa como comprometida con la sostenibilidad.<\/p>\n<p>La obtenci\u00f3n del soporte de fondos europeos NEXTGeneration en la l\u00ednea para empresas en el marco del Plan de Recuperaci\u00f3n, Transformaci\u00f3n y Resilencia para la Transici\u00f3n energ\u00e9tica de Les Illes Balears ha sido de 25.000 \u20ac con una inversi\u00f3n total de 54.428,73 \u20ac para esta instalaci\u00f3n, demuestra el apoyo y reconocimiento a las iniciativas que promueven la transici\u00f3n hacia una econom\u00eda m\u00e1s sostenible y respetuosa con el medio ambiente. Como resultado, la empresa Trui Espectacles, S.L. se ver\u00e1 beneficiada tanto a nivel econ\u00f3mico como en t\u00e9rminos de responsabilidad ambiental.<\/p>","protected":false},"excerpt":{"rendered":"<p>Instalaci\u00f3n fotovoltaica de 50 kW ( kWp), la cual se beneficiar\u00e1 del soporte de fondos europeos NEXT GenerationEU. Esta instalaci\u00f3n se ubicar\u00e1 sobre una cubierta, espec\u00edficamente en el n\u00famero 13&#8230;<\/p>","protected":false},"author":8,"featured_media":0,"parent":0,"menu_order":0,"comment_status":"closed","ping_status":"closed","template":"","meta":[],"yoast_head":"<!-- This site is optimized with the Yoast SEO plugin v20.8 - https:\/\/yoast.com\/wordpress\/plugins\/seo\/ -->\n<title>instalaci\u00f3n fotovoltaica - Trui<\/title>\n<meta name=\"robots\" content=\"index, follow, max-snippet:-1, max-image-preview:large, max-video-preview:-1\" \/>\n<link rel=\"canonical\" href=\"https:\/\/trui.es\/en\/instalacion_fotovoltaica\/\" \/>\n<meta property=\"og:locale\" content=\"en_US\" \/>\n<meta property=\"og:type\" content=\"article\" \/>\n<meta property=\"og:title\" content=\"instalaci\u00f3n fotovoltaica - Trui\" \/>\n<meta property=\"og:description\" content=\"Instalaci\u00f3n fotovoltaica de 50 kW ( kWp), la cual se beneficiar\u00e1 del soporte de fondos europeos NEXT GenerationEU. Esta instalaci\u00f3n se ubicar\u00e1 sobre una cubierta, espec\u00edficamente en el n\u00famero 13...\" \/>\n<meta property=\"og:url\" content=\"https:\/\/trui.es\/en\/instalacion_fotovoltaica\/\" \/>\n<meta property=\"og:site_name\" content=\"Trui\" \/>\n<meta property=\"article:modified_time\" content=\"2025-09-17T10:44:10+00:00\" \/>\n<meta property=\"og:image\" content=\"https:\/\/trui.es\/wp-content\/uploads\/2025\/09\/logos-placas-scaled.jpg\" \/>\n<meta name=\"twitter:card\" content=\"summary_large_image\" \/>\n<meta name=\"twitter:label1\" content=\"Est. reading time\" \/>\n\t<meta name=\"twitter:data1\" content=\"2 minutes\" \/>\n<script type=\"application\/ld+json\" class=\"yoast-schema-graph\">{\"@context\":\"https:\/\/schema.org\",\"@graph\":[{\"@type\":\"WebPage\",\"@id\":\"https:\/\/trui.es\/instalacion_fotovoltaica\/\",\"url\":\"https:\/\/trui.es\/instalacion_fotovoltaica\/\",\"name\":\"instalaci\u00f3n fotovoltaica - Trui\",\"isPartOf\":{\"@id\":\"https:\/\/trui.es\/#website\"},\"datePublished\":\"2025-09-16T08:59:56+00:00\",\"dateModified\":\"2025-09-17T10:44:10+00:00\",\"breadcrumb\":{\"@id\":\"https:\/\/trui.es\/instalacion_fotovoltaica\/#breadcrumb\"},\"inLanguage\":\"en-US\",\"potentialAction\":[{\"@type\":\"ReadAction\",\"target\":[\"https:\/\/trui.es\/instalacion_fotovoltaica\/\"]}]},{\"@type\":\"BreadcrumbList\",\"@id\":\"https:\/\/trui.es\/instalacion_fotovoltaica\/#breadcrumb\",\"itemListElement\":[{\"@type\":\"ListItem\",\"position\":1,\"name\":\"Portada\",\"item\":\"https:\/\/trui.es\/\"},{\"@type\":\"ListItem\",\"position\":2,\"name\":\"instalaci\u00f3n fotovoltaica\"}]},{\"@type\":\"WebSite\",\"@id\":\"https:\/\/trui.es\/#website\",\"url\":\"https:\/\/trui.es\/\",\"name\":\"Trui\",\"description\":\"El coraz\u00f3n del espect\u00e1culo\",\"publisher\":{\"@id\":\"https:\/\/trui.es\/#organization\"},\"potentialAction\":[{\"@type\":\"SearchAction\",\"target\":{\"@type\":\"EntryPoint\",\"urlTemplate\":\"https:\/\/trui.es\/?s={search_term_string}\"},\"query-input\":\"required name=search_term_string\"}],\"inLanguage\":\"en-US\"},{\"@type\":\"Organization\",\"@id\":\"https:\/\/trui.es\/#organization\",\"name\":\"Grup Trui\",\"url\":\"https:\/\/trui.es\/\",\"logo\":{\"@type\":\"ImageObject\",\"inLanguage\":\"en-US\",\"@id\":\"https:\/\/trui.es\/#\/schema\/logo\/image\/\",\"url\":\"https:\/\/trui.es\/wp-content\/uploads\/2023\/02\/Logo-Trui-Brands-for-People-1.png\",\"contentUrl\":\"https:\/\/trui.es\/wp-content\/uploads\/2023\/02\/Logo-Trui-Brands-for-People-1.png\",\"width\":578,\"height\":311,\"caption\":\"Grup Trui\"},\"image\":{\"@id\":\"https:\/\/trui.es\/#\/schema\/logo\/image\/\"}}]}<\/script>\n<!-- \/ Yoast SEO plugin. -->","yoast_head_json":{"title":"instalaci\u00f3n fotovoltaica - Trui","robots":{"index":"index","follow":"follow","max-snippet":"max-snippet:-1","max-image-preview":"max-image-preview:large","max-video-preview":"max-video-preview:-1"},"canonical":"https:\/\/trui.es\/en\/instalacion_fotovoltaica\/","og_locale":"en_US","og_type":"article","og_title":"instalaci\u00f3n fotovoltaica - Trui","og_description":"Instalaci\u00f3n fotovoltaica de 50 kW ( kWp), la cual se beneficiar\u00e1 del soporte de fondos europeos NEXT GenerationEU. Esta instalaci\u00f3n se ubicar\u00e1 sobre una cubierta, espec\u00edficamente en el n\u00famero 13...","og_url":"https:\/\/trui.es\/en\/instalacion_fotovoltaica\/","og_site_name":"Trui","article_modified_time":"2025-09-17T10:44:10+00:00","og_image":[{"url":"https:\/\/trui.es\/wp-content\/uploads\/2025\/09\/logos-placas-scaled.jpg"}],"twitter_card":"summary_large_image","twitter_misc":{"Est. reading time":"2 minutes"},"schema":{"@context":"https:\/\/schema.org","@graph":[{"@type":"WebPage","@id":"https:\/\/trui.es\/instalacion_fotovoltaica\/","url":"https:\/\/trui.es\/instalacion_fotovoltaica\/","name":"instalaci\u00f3n fotovoltaica - Trui","isPartOf":{"@id":"https:\/\/trui.es\/#website"},"datePublished":"2025-09-16T08:59:56+00:00","dateModified":"2025-09-17T10:44:10+00:00","breadcrumb":{"@id":"https:\/\/trui.es\/instalacion_fotovoltaica\/#breadcrumb"},"inLanguage":"en-US","potentialAction":[{"@type":"ReadAction","target":["https:\/\/trui.es\/instalacion_fotovoltaica\/"]}]},{"@type":"BreadcrumbList","@id":"https:\/\/trui.es\/instalacion_fotovoltaica\/#breadcrumb","itemListElement":[{"@type":"ListItem","position":1,"name":"Portada","item":"https:\/\/trui.es\/"},{"@type":"ListItem","position":2,"name":"instalaci\u00f3n fotovoltaica"}]},{"@type":"WebSite","@id":"https:\/\/trui.es\/#website","url":"https:\/\/trui.es\/","name":"Trui","description":"El coraz\u00f3n del espect\u00e1culo","publisher":{"@id":"https:\/\/trui.es\/#organization"},"potentialAction":[{"@type":"SearchAction","target":{"@type":"EntryPoint","urlTemplate":"https:\/\/trui.es\/?s={search_term_string}"},"query-input":"required name=search_term_string"}],"inLanguage":"en-US"},{"@type":"Organization","@id":"https:\/\/trui.es\/#organization","name":"Grup Trui","url":"https:\/\/trui.es\/","logo":{"@type":"ImageObject","inLanguage":"en-US","@id":"https:\/\/trui.es\/#\/schema\/logo\/image\/","url":"https:\/\/trui.es\/wp-content\/uploads\/2023\/02\/Logo-Trui-Brands-for-People-1.png","contentUrl":"https:\/\/trui.es\/wp-content\/uploads\/2023\/02\/Logo-Trui-Brands-for-People-1.png","width":578,"height":311,"caption":"Grup Trui"},"image":{"@id":"https:\/\/trui.es\/#\/schema\/logo\/image\/"}}]}},"_links":{"self":[{"href":"https:\/\/trui.es\/en\/wp-json\/wp\/v2\/pages\/7864"}],"collection":[{"href":"https:\/\/trui.es\/en\/wp-json\/wp\/v2\/pages"}],"about":[{"href":"https:\/\/trui.es\/en\/wp-json\/wp\/v2\/types\/page"}],"author":[{"embeddable":true,"href":"https:\/\/trui.es\/en\/wp-json\/wp\/v2\/users\/8"}],"replies":[{"embeddable":true,"href":"https:\/\/trui.es\/en\/wp-json\/wp\/v2\/comments?post=7864"}],"version-history":[{"count":8,"href":"https:\/\/trui.es\/en\/wp-json\/wp\/v2\/pages\/7864\/revisions"}],"predecessor-version":[{"id":8448,"href":"https:\/\/trui.es\/en\/wp-json\/wp\/v2\/pages\/7864\/revisions\/8448"}],"wp:attachment":[{"href":"https:\/\/trui.es\/en\/wp-json\/wp\/v2\/media?parent=7864"}],"curies":[{"name":"wp","href":"https:\/\/api.w.org\/{rel}","templated":true}]}}